{"id":793,"date":"2013-06-27T19:02:47","date_gmt":"2012-12-22T01:12:46","guid":{"rendered":"http:\/\/dokotoro.org\/?page_id=793"},"modified":"2020-10-25T20:52:45","modified_gmt":"2020-10-26T03:52:45","slug":"telechargements","status":"publish","type":"page","link":"https:\/\/dokotoro.org\/fr\/","title":{"rendered":"T\u00e9l\u00e9chargements"},"content":{"rendered":"<p>Lisez ou t\u00e9l\u00e9chargez L\u00e0 o\u00f9 il n&rsquo;y a pas de docteur en fran\u00e7ais et en bambara. Vous pouvez acheter un exemplaire imprim\u00e9 aupr\u00e8s de Hesperian Health Guides.<\/p>\n<p>Si vous voulez des renseignements \u00e0 propos de ces documents, veuillez contacter le superviseur de traduction, <a href=\"mailto:matt@dokotoro.org\">Matt Heberger<\/a>.<\/p>\n<p><span id=\"result_box\" class=\"\" lang=\"fr\"><strong>Lisez en ligne<br \/>\n<\/strong><\/span><\/p>\n<ul>\n<li>En bambara (monolingue) : <a href=\"http:\/\/gafe.dokotoro.org\/\">http:\/\/gafe.dokotoro.org\/<\/a><\/li>\n<li>Version multilingue : <a href=\"http:\/\/gafe.dokotoro.org\/multi.html\">http:\/\/gafe.dokotoro.org\/multi.html<\/a><\/li>\n<\/ul>\n<h2>Livre \u00e9lectronique<\/h2>\n<p>En format <strong>.epub<\/strong> ; \u00e0 lire sur pratiqument tous les tablettes, smartphones et ordinateurs.<\/p>\n<ul>\n<li>Bambara : <a href=\"http:\/\/dokotoro.org\/wp-content\/uploads\/2017\/08\/bam_wtnd.epub\">bam_wtnd.epub\u00a0<\/a>(10 MB)<\/li>\n<li>French: <a href=\"http:\/\/dokotoro.org\/wp-content\/uploads\/2018\/05\/fra_wtnd.epub\">fra_wtnd.epub<\/a> (10 MB)<\/li>\n<\/ul>\n<p><strong>PDF<\/strong><\/p>\n<p>Ces fichiers PDF constituent l&rsquo;int\u00e9gralit\u00e9 des 639 pages du livre imprim\u00e9. Notez que l&rsquo;\u00e9dition fran\u00e7aise est toujours en cours de relecture finale en juillet 2020. Cliquez ici pour t\u00e9l\u00e9charger les <a href=\"https:\/\/gafe.dokotoro.org\/pdf\">chapitres individuels<\/a>.<\/p>\n<ul>\n<li><a href=\"https:\/\/dokotoro.org\/wp-content\/uploads\/2020\/07\/French-Edition.pdf\">Fran\u00e7ais (13 MB)<\/a><\/li>\n<li><a href=\"https:\/\/dokotoro.org\/wp-content\/uploads\/2020\/07\/Bambara-Edition.pdf\">Bambara (13 MB)<\/a><\/li>\n<li><a href=\"https:\/\/dokotoro.org\/wp-content\/uploads\/2020\/07\/Bilingual-Edition.pdf\">\u00c9dition bilingue (18 MB)<\/a><\/li>\n<\/ul>\n<p>Conseils pour la lecture de l&rsquo;\u00e9dition bilingue : Pour visualiser les pages c\u00f4te \u00e0 c\u00f4te dans Acrobat Reader, cliquez sur Affichage &gt; Affichage des pages &gt; Affichage de deux pages.<\/p>\n<p>Pour imprimer l&rsquo;\u00e9dition bilingue c\u00f4te \u00e0 c\u00f4te, il y a plusieurs fa\u00e7ons de le faire. Contactez-nous pour obtenir des conseils utiles.<\/p>\n<p><strong>EBOLA : Fiches d&rsquo;informations pour les agents de sant\u00e9, publi\u00e9 en septembre 2014<br \/>\n<\/strong><\/p>\n<table>\n<tbody>\n<tr>\n<td><\/td>\n<td>MS Word<\/td>\n<td>PDF<\/td>\n<\/tr>\n<tr>\n<td>Fran\u00e7ais<\/td>\n<td><a href=\"http:\/\/dokotoro.org\/wp-content\/uploads\/2014\/09\/fra_Ebola.docx\">fra_Ebola.docx (0.4 MB)<\/a><\/td>\n<td><a href=\"http:\/\/dokotoro.org\/wp-content\/uploads\/2014\/09\/fra_Ebola.pdf\">fra_Ebola.pdf (0.4 MB)<\/a><\/td>\n<\/tr>\n<tr>\n<td>Bamanankan<\/td>\n<td><a href=\"http:\/\/dokotoro.org\/wp-content\/uploads\/2014\/09\/bam_Ebola.docx\">bam_Ebola.docx (0.6 MB)<\/a><\/td>\n<td><a href=\"http:\/\/dokotoro.org\/wp-content\/uploads\/2014\/09\/bam_Ebola.pdf\">bam_Ebola.pdf (0.8 MB)<\/a><\/td>\n<\/tr>\n<\/tbody>\n<\/table>\n","protected":false},"excerpt":{"rendered":"<p>Lisez ou t\u00e9l\u00e9chargez L\u00e0 o\u00f9 il n&rsquo;y a pas de docteur en fran\u00e7ais et en bambara. Vous pouvez acheter un exemplaire imprim\u00e9 aupr\u00e8s de Hesperian Health Guides. Si vous voulez des renseignements \u00e0 propos de ces documents, veuillez contacter le &hellip; <a href=\"https:\/\/dokotoro.org\/fr\/\">Continuer la lecture <span class=\"meta-nav\">&rarr;<\/span><\/a><\/p>\n","protected":false},"author":6,"featured_media":0,"parent":0,"menu_order":2,"comment_status":"closed","ping_status":"closed","template":"","meta":{"footnotes":""},"class_list":["post-793","page","type-page","status-publish","hentry"],"_links":{"self":[{"href":"https:\/\/dokotoro.org\/fr\/wp-json\/wp\/v2\/pages\/793","targetHints":{"allow":["GET"]}}],"collection":[{"href":"https:\/\/dokotoro.org\/fr\/wp-json\/wp\/v2\/pages"}],"about":[{"href":"https:\/\/dokotoro.org\/fr\/wp-json\/wp\/v2\/types\/page"}],"author":[{"embeddable":true,"href":"https:\/\/dokotoro.org\/fr\/wp-json\/wp\/v2\/users\/6"}],"replies":[{"embeddable":true,"href":"https:\/\/dokotoro.org\/fr\/wp-json\/wp\/v2\/comments?post=793"}],"version-history":[{"count":1,"href":"https:\/\/dokotoro.org\/fr\/wp-json\/wp\/v2\/pages\/793\/revisions"}],"predecessor-version":[{"id":1580,"href":"https:\/\/dokotoro.org\/fr\/wp-json\/wp\/v2\/pages\/793\/revisions\/1580"}],"wp:attachment":[{"href":"https:\/\/dokotoro.org\/fr\/wp-json\/wp\/v2\/media?parent=793"}],"curies":[{"name":"wp","href":"https:\/\/api.w.org\/{rel}","templated":true}]}}