{"id":791,"date":"2013-06-27T18:54:54","date_gmt":"2013-06-27T18:54:54","guid":{"rendered":"http:\/\/dokotoro.org\/?page_id=791"},"modified":"2020-10-25T20:51:37","modified_gmt":"2020-10-26T03:51:37","slug":"nous-contacter","status":"publish","type":"page","link":"https:\/\/dokotoro.org\/fr\/nous-contacter\/","title":{"rendered":"Nous contacter"},"content":{"rendered":"<p>Pour obtenir des renseignements g\u00e9n\u00e9raux, veuillez contacter la coordinatrice de projet, <a href=\"mailto:michelle@dokotoro.org\">Michelle Chan<\/a>, ou nous \u00e9crire \u00e0 l&rsquo;adresse suivante :<\/p>\n<p>The Dokotoro Project<br \/>\n3725 Esmond Avenue<br \/>\nRichmond, CA 94805<br \/>\nUSA<\/p>\n","protected":false},"excerpt":{"rendered":"<p>Pour obtenir des renseignements g\u00e9n\u00e9raux, veuillez contacter la coordinatrice de projet, Michelle Chan, ou nous \u00e9crire \u00e0 l&rsquo;adresse suivante : The Dokotoro Project 3725 Esmond Avenue Richmond, CA 94805 USA<\/p>\n","protected":false},"author":6,"featured_media":0,"parent":0,"menu_order":5,"comment_status":"closed","ping_status":"closed","template":"","meta":{"footnotes":""},"class_list":["post-791","page","type-page","status-publish","hentry"],"_links":{"self":[{"href":"https:\/\/dokotoro.org\/fr\/wp-json\/wp\/v2\/pages\/791","targetHints":{"allow":["GET"]}}],"collection":[{"href":"https:\/\/dokotoro.org\/fr\/wp-json\/wp\/v2\/pages"}],"about":[{"href":"https:\/\/dokotoro.org\/fr\/wp-json\/wp\/v2\/types\/page"}],"author":[{"embeddable":true,"href":"https:\/\/dokotoro.org\/fr\/wp-json\/wp\/v2\/users\/6"}],"replies":[{"embeddable":true,"href":"https:\/\/dokotoro.org\/fr\/wp-json\/wp\/v2\/comments?post=791"}],"version-history":[{"count":2,"href":"https:\/\/dokotoro.org\/fr\/wp-json\/wp\/v2\/pages\/791\/revisions"}],"predecessor-version":[{"id":1579,"href":"https:\/\/dokotoro.org\/fr\/wp-json\/wp\/v2\/pages\/791\/revisions\/1579"}],"wp:attachment":[{"href":"https:\/\/dokotoro.org\/fr\/wp-json\/wp\/v2\/media?parent=791"}],"curies":[{"name":"wp","href":"https:\/\/api.w.org\/{rel}","templated":true}]}}