{"id":788,"date":"2013-06-27T18:50:46","date_gmt":"2013-06-27T18:50:46","guid":{"rendered":"http:\/\/dokotoro.org\/?page_id=788"},"modified":"2020-10-25T21:12:42","modified_gmt":"2020-10-26T04:12:42","slug":"donner","status":"publish","type":"page","link":"https:\/\/dokotoro.org\/fr\/donner\/","title":{"rendered":"Donner"},"content":{"rendered":"<p>Merci de consid\u00e9rer un don au Projet Dokotoro&nbsp;! Vos dons seront destin\u00e9s \u00e0 payer les traducteurs professionnels \u00e0 Bamako, pour la v\u00e9rification du texte sur le terrain, et pour l&rsquo;impression professionnelle du livre. Tous autres aspects du d\u00e9veloppement du livre se font gr\u00e2ce \u00e0 nos b\u00e9n\u00e9voles d\u00e9vou\u00e9s.<\/p>\n<form action=\"https:\/\/www.paypal.com\/cgi-bin\/webscr\" method=\"post\" target=\"_top\"><input alt=\"PayPal - The safer, easier way to pay online!\" name=\"submit\" src=\"https:\/\/www.paypalobjects.com\/en_US\/i\/btn\/btn_donateCC_LG.gif\" type=\"image\"><br \/>\n<img loading=\"lazy\" decoding=\"async\" src=\"https:\/\/www.paypalobjects.com\/en_US\/i\/scr\/pixel.gif\" alt=\"\" width=\"1\" height=\"1\" border=\"0\"><\/form>\n<p>Vous pouvez effectuer votre don s\u00e9curis\u00e9 par carte de cr\u00e9dit en cliquant sur le lien PayPal ci-dessus, ou par ch\u00e8que en l&rsquo;envoyant par la poste.<\/p>\n<p style=\"padding-left: 30px;\">The Dokotoro Project<br \/>\n3725 Esmond Avenue<br \/>\nRichmond, CA 94805<br \/>\nUSA<\/p>\n","protected":false},"excerpt":{"rendered":"<p>Merci de consid\u00e9rer un don au Projet Dokotoro&nbsp;! Vos dons seront destin\u00e9s \u00e0 payer les traducteurs professionnels \u00e0 Bamako, pour la v\u00e9rification du texte sur le terrain, et pour l&rsquo;impression professionnelle du livre. Tous autres aspects du d\u00e9veloppement du livre &hellip; <a href=\"https:\/\/dokotoro.org\/fr\/donner\/\">Continuer la lecture <span class=\"meta-nav\">&rarr;<\/span><\/a><\/p>\n","protected":false},"author":6,"featured_media":0,"parent":0,"menu_order":6,"comment_status":"closed","ping_status":"closed","template":"","meta":{"footnotes":""},"class_list":["post-788","page","type-page","status-publish","hentry"],"_links":{"self":[{"href":"https:\/\/dokotoro.org\/fr\/wp-json\/wp\/v2\/pages\/788","targetHints":{"allow":["GET"]}}],"collection":[{"href":"https:\/\/dokotoro.org\/fr\/wp-json\/wp\/v2\/pages"}],"about":[{"href":"https:\/\/dokotoro.org\/fr\/wp-json\/wp\/v2\/types\/page"}],"author":[{"embeddable":true,"href":"https:\/\/dokotoro.org\/fr\/wp-json\/wp\/v2\/users\/6"}],"replies":[{"embeddable":true,"href":"https:\/\/dokotoro.org\/fr\/wp-json\/wp\/v2\/comments?post=788"}],"version-history":[{"count":1,"href":"https:\/\/dokotoro.org\/fr\/wp-json\/wp\/v2\/pages\/788\/revisions"}],"predecessor-version":[{"id":1581,"href":"https:\/\/dokotoro.org\/fr\/wp-json\/wp\/v2\/pages\/788\/revisions\/1581"}],"wp:attachment":[{"href":"https:\/\/dokotoro.org\/fr\/wp-json\/wp\/v2\/media?parent=788"}],"curies":[{"name":"wp","href":"https:\/\/api.w.org\/{rel}","templated":true}]}}