{"id":755,"date":"2013-06-22T23:03:36","date_gmt":"2013-06-22T23:03:36","guid":{"rendered":"http:\/\/dokotoro.org\/?page_id=755"},"modified":"2020-10-25T21:25:34","modified_gmt":"2020-10-26T04:25:34","slug":"le-livre","status":"publish","type":"page","link":"https:\/\/dokotoro.org\/fr\/nous-decouvrir\/le-livre\/","title":{"rendered":"Le livre"},"content":{"rendered":"<p><strong><i>L\u00e0 o\u00f9 il n\u2019y a pas de docteur : un manuel de m\u00e9decine villageois<\/i><i> <\/i><\/strong>est publi\u00e9 par l&rsquo;organisme \u00e0 but non-lucratif <a title=\"Hesperian Health Guides\" href=\"http:\/\/www.hesperian.org\">Hesperian Health Guides<\/a>, et est le manuel de m\u00e9decine le plus largement utilis\u00e9 du monde. Le livre fournit des communaut\u00e9s o\u00f9 les soins de sant\u00e9 sont peu accessibles une information m\u00e9dicale non seulement exacte, mais appropri\u00e9e sur leur plan culturel.<\/p>\n<div style=\"width: 216px\" class=\"wp-caption alignright\"><a href=\"http:\/\/dokotoro.org\/wp-content\/uploads\/2012\/07\/where_there_is_no_doctor.jpg\"><img loading=\"lazy\" decoding=\"async\" title=\"Where There Is No Doctor\" alt=\"\" src=\"http:\/\/dokotoro.org\/wp-content\/uploads\/2012\/07\/where_there_is_no_doctor-206x300.jpg\" width=\"206\" height=\"300\"><\/a><p class=\"wp-caption-text\">L\u00e0 o\u00f9 il n\u2019y a pas de docteur \u00e9dition anglophone<\/p><\/div>\n<p>Aujourd\u2019hui, <i>L\u00e0 o\u00f9 il n\u2019y a pas de docteur <\/i>a \u00e9t\u00e9 traduit en 80 langues, gr\u00e2ce dans une large mesure \u00e0 des efforts de b\u00e9n\u00e9voles et d\u2019organismes \u00e0 but non-lucratif. L\u2019extrait suivant de l\u2019introduction de l\u2019\u00e9dition anglophone illustre la philosophie des auteurs :<\/p>\n<p><i>Ce manuel a \u00e9t\u00e9 \u00e9crit surtout pour les gens qui habitent loin des centres de sant\u00e9, dans des endroits o\u00f9 il n\u2019y a pas de docteur. Mais m\u00eame l\u00e0 o\u00f9 il y a un docteur, les gens devraient prendre en main leurs propres soins de sant\u00e9. Or ce livre est pour tout le monde qui se sent concern\u00e9. Il \u00e9t\u00e9 \u00e9crit dans la conviction que :<\/i><\/p>\n<ol>\n<li><i>Les soins de sant\u00e9 ne sont non seulement le droit de tout le monde, mais leur devoir. <\/i><\/li>\n<li><i>Le but de tout programme ou activit\u00e9 de sant\u00e9 devrait \u00eatre le soin de soit \u00e9clair\u00e9.<\/i><\/li>\n<li><i>Les gens ordinaires munis d&rsquo;une information simple et claire sont capables de pr\u00e9venir ou traiter la plupart des probl\u00e8mes de sant\u00e9 courants chez eux\u2014plus t\u00f4t, \u00e0 moins ch\u00e8res, et souvent mieux que pourrait le faire un docteur.<\/i><\/li>\n<\/ol>\n<p>&nbsp;<\/p>\n<div style=\"width: 187px\" class=\"wp-caption alignleft\"><a href=\"http:\/\/dokotoro.org\/wp-content\/uploads\/2012\/07\/french.png\"><img loading=\"lazy\" decoding=\"async\" class=\"  \" title=\"L\u00e0 O\u00f9 Il n\u2019y a Pas de Docteur\" alt=\"\" src=\"http:\/\/dokotoro.org\/wp-content\/uploads\/2012\/07\/french-177x300.png\" width=\"177\" height=\"300\"><\/a><p class=\"wp-caption-text\">L\u00e0 o\u00f9 il n&rsquo;y a pas de docteur, l&rsquo;\u00e9dition fran\u00e7aise publi\u00e9e par ENDA au S\u00e9n\u00e9gale<\/p><\/div>\n<p>Le manuel de 600 pages aborde un grand nombre de sujets dans le cadre des soins de sant\u00e9 primaires : y compris, nutrition, soins pr\u00e9ventifs, aide premi\u00e8re, maladies courantes, et soins maternels et de nouveaux-n\u00e9s. De plus, au-del\u00e0 des chapitres consacr\u00e9s \u00e0 la peau, les yeux, et aux probl\u00e8mes dentaires, le livre explique comment utiliser les m\u00e9dicaments modernes (en particulier dans le contexte des croyances et rem\u00e8des traditionnels, et les rem\u00e8des \u00e0 la maison), y compris les dosages, l&rsquo;usage, et les pr\u00e9cautions d&rsquo;usage.<\/p>\n<h2><b>Ce que les autres disent \u00e0 propos de <i>L\u00e0 o\u00f9 il n&rsquo;y a pas de docteur<\/i><\/b><\/h2>\n<p>D\u2019apr\u00e8s un critique \u00e9crivant dans la <a href=\"http:\/\/jama.jamanetwork.com\/article.aspx?articleid=185444\">Revue de l\u2019Association M\u00e9dicale Am\u00e9ricaine<\/a> (Journal of the American Medical Association) en 2010 :<\/p>\n<blockquote><p><i>L\u00e0 o\u00f9 il n\u2019y a pas de docteur<\/i>, un livre \u00e9crit par le biologiste et agent de soins de sant\u00e9 publique David Werner, est largement reconnu par l\u2019Organisation mondiale de la sant\u00e9 (OMS), les Fonds des Nations unies pour l\u2019enfance (UNICEF), les anthropologues, le Peace Corps, les missionnaires, et les conseillers voyage, comme \u00e9tant le manuel autoris\u00e9 en mati\u00e8re des soins de sant\u00e9 qui sont fournis l\u00e0 o\u00f9 les m\u00e9decins sont peu disponibles.<\/p><\/blockquote>\n<p>Un article de la publication <i>The Lancet <\/i>intitul\u00e9 \u00ab <a href=\"http:\/\/www.thelancet.com\/journals\/lancet\/article\/PIIS0140-6736%2804%2916681-6\/fulltext\">Can we achieve health information for all by 2015?<\/a> \u00bb (<i>Pouvons-nous atteindre le but d&rsquo;une information de sant\u00e9 pour tous d\u2019ici 2015 ?<\/i>) \u00e0 dit ceci :<\/p>\n<blockquote><p>Pour un agent de soins de sant\u00e9, une seul exemplaire de L\u00e0 o\u00f9 il n\u2019y a pas de docteur, adapt\u00e9 \u00e0 la culture et traduit dans la langue locale, pourrait \u00eatre plus utile qu\u2019acc\u00e8s \u00e0 des milliers de revues internationales.<\/p><\/blockquote>\n","protected":false},"excerpt":{"rendered":"<p>L\u00e0 o\u00f9 il n\u2019y a pas de docteur : un manuel de m\u00e9decine villageois est publi\u00e9 par l&rsquo;organisme \u00e0 but non-lucratif Hesperian Health Guides, et est le manuel de m\u00e9decine le plus largement utilis\u00e9 du monde. Le livre fournit des &hellip; <a href=\"https:\/\/dokotoro.org\/fr\/nous-decouvrir\/le-livre\/\">Continuer la lecture <span class=\"meta-nav\">&rarr;<\/span><\/a><\/p>\n","protected":false},"author":6,"featured_media":0,"parent":737,"menu_order":3,"comment_status":"closed","ping_status":"closed","template":"","meta":{"footnotes":""},"class_list":["post-755","page","type-page","status-publish","hentry"],"_links":{"self":[{"href":"https:\/\/dokotoro.org\/fr\/wp-json\/wp\/v2\/pages\/755","targetHints":{"allow":["GET"]}}],"collection":[{"href":"https:\/\/dokotoro.org\/fr\/wp-json\/wp\/v2\/pages"}],"about":[{"href":"https:\/\/dokotoro.org\/fr\/wp-json\/wp\/v2\/types\/page"}],"author":[{"embeddable":true,"href":"https:\/\/dokotoro.org\/fr\/wp-json\/wp\/v2\/users\/6"}],"replies":[{"embeddable":true,"href":"https:\/\/dokotoro.org\/fr\/wp-json\/wp\/v2\/comments?post=755"}],"version-history":[{"count":1,"href":"https:\/\/dokotoro.org\/fr\/wp-json\/wp\/v2\/pages\/755\/revisions"}],"predecessor-version":[{"id":1584,"href":"https:\/\/dokotoro.org\/fr\/wp-json\/wp\/v2\/pages\/755\/revisions\/1584"}],"up":[{"embeddable":true,"href":"https:\/\/dokotoro.org\/fr\/wp-json\/wp\/v2\/pages\/737"}],"wp:attachment":[{"href":"https:\/\/dokotoro.org\/fr\/wp-json\/wp\/v2\/media?parent=755"}],"curies":[{"name":"wp","href":"https:\/\/api.w.org\/{rel}","templated":true}]}}