{"id":752,"date":"2013-06-22T22:48:24","date_gmt":"2013-06-22T22:48:24","guid":{"rendered":"http:\/\/dokotoro.org\/?page_id=752"},"modified":"2020-10-25T21:25:59","modified_gmt":"2020-10-26T04:25:59","slug":"la-langue-bambara","status":"publish","type":"page","link":"https:\/\/dokotoro.org\/fr\/nous-decouvrir\/la-langue-bambara\/","title":{"rendered":"La langue bambara"},"content":{"rendered":"<p>Le bambara est la langue la plus largement parl\u00e9e au Mali, en Afrique de l&rsquo;ouest. Pour ceux qui la parlent, cela s&rsquo;appelle le bamanankan (la traduction mot par mot \u00e9tant <i>la langue du peuple bamanan<\/i>). C&rsquo;est la langue maternelle ou la deuxi\u00e8me langue d&rsquo;environs 80% de la population de 14 millions du Mali, a peu pr\u00e8s 11 millions de personnes la parlent. Dans les pays environnants\u2014C\u00f4te d&rsquo;Ivoire, Burkina Faso, Mauritanie, Guin\u00e9e, S\u00e9n\u00e9gal, Gambie\u2014on parle des variations de cette langue : par exemple le duyula, le maninka, ou le minianka. Il y a une introduction \u00e0 la langue bambara sur Wikip\u00e9dia. Il y a aussi une introduction assez bien sur le Wikip\u00e9dia anglophone. De plus, une version du Wikip\u00e9dia existe en bambara, mais jusqu&rsquo;\u00e0 pr\u00e9sent peu d&rsquo;articles s&rsquo;y trouvent. Le site web <i>Bambara.org<\/i> comprend un lexique qui vous permet de traduit un grand nombre de mots du bambara en fran\u00e7ais et en anglais, et vice versa. En outre, vous pouvez profiter de 13 le\u00e7ons (avec enregistrements audio) en ligne \u00e0 la page de <i>World Wise Schools <\/i>au site web du Peace Corps.<\/p>\n<div id=\"attachment_86\" style=\"width: 310px\" class=\"wp-caption alignnone\"><a href=\"http:\/\/dokotoro.org\/wp-content\/uploads\/2012\/08\/Bambara1.gif\"><img loading=\"lazy\" decoding=\"async\" aria-describedby=\"caption-attachment-86\" class=\"size-medium wp-image-86\" title=\"Bambara\" alt=\"\" src=\"http:\/\/dokotoro.org\/wp-content\/uploads\/2012\/08\/Bambara1-300x184.gif\" width=\"300\" height=\"184\" srcset=\"https:\/\/dokotoro.org\/wp-content\/uploads\/2012\/08\/Bambara1-300x184.gif 300w, https:\/\/dokotoro.org\/wp-content\/uploads\/2012\/08\/Bambara1.gif 414w\" sizes=\"auto, (max-width: 300px) 100vw, 300px\" \/><\/a><p id=\"caption-attachment-86\" class=\"wp-caption-text\">The historic extent of the Bambara people (courtesy of Wikimedia Commons).<\/p><\/div>\n<p>La page Mali \u00e0 Ethnologue est fascinant pour sa carte d\u00e9taill\u00e9e illustrant la distribution de diff\u00e9rentes langues. \u00c0 noter toutes les langues qui se chevauchent!<\/p>\n<p>Le bambara fait partie de la famille de langues mand\u00e9es. Le Mande Studies Association, une association Am\u00e9ricaine qui se concerne de toutes choses langues-mand\u00e9es, publie sa propre revue et m\u00e8ne m\u00eame une conf\u00e9rence annuelle.<\/p>\n","protected":false},"excerpt":{"rendered":"<p>Le bambara est la langue la plus largement parl\u00e9e au Mali, en Afrique de l&rsquo;ouest. Pour ceux qui la parlent, cela s&rsquo;appelle le bamanankan (la traduction mot par mot \u00e9tant la langue du peuple bamanan). C&rsquo;est la langue maternelle ou &hellip; <a href=\"https:\/\/dokotoro.org\/fr\/nous-decouvrir\/la-langue-bambara\/\">Continuer la lecture <span class=\"meta-nav\">&rarr;<\/span><\/a><\/p>\n","protected":false},"author":6,"featured_media":0,"parent":737,"menu_order":3,"comment_status":"closed","ping_status":"closed","template":"","meta":{"footnotes":""},"class_list":["post-752","page","type-page","status-publish","hentry"],"_links":{"self":[{"href":"https:\/\/dokotoro.org\/fr\/wp-json\/wp\/v2\/pages\/752","targetHints":{"allow":["GET"]}}],"collection":[{"href":"https:\/\/dokotoro.org\/fr\/wp-json\/wp\/v2\/pages"}],"about":[{"href":"https:\/\/dokotoro.org\/fr\/wp-json\/wp\/v2\/types\/page"}],"author":[{"embeddable":true,"href":"https:\/\/dokotoro.org\/fr\/wp-json\/wp\/v2\/users\/6"}],"replies":[{"embeddable":true,"href":"https:\/\/dokotoro.org\/fr\/wp-json\/wp\/v2\/comments?post=752"}],"version-history":[{"count":1,"href":"https:\/\/dokotoro.org\/fr\/wp-json\/wp\/v2\/pages\/752\/revisions"}],"predecessor-version":[{"id":1585,"href":"https:\/\/dokotoro.org\/fr\/wp-json\/wp\/v2\/pages\/752\/revisions\/1585"}],"up":[{"embeddable":true,"href":"https:\/\/dokotoro.org\/fr\/wp-json\/wp\/v2\/pages\/737"}],"wp:attachment":[{"href":"https:\/\/dokotoro.org\/fr\/wp-json\/wp\/v2\/media?parent=752"}],"curies":[{"name":"wp","href":"https:\/\/api.w.org\/{rel}","templated":true}]}}