{"id":750,"date":"2013-06-22T22:44:18","date_gmt":"2013-06-22T22:44:18","guid":{"rendered":"http:\/\/dokotoro.org\/?page_id=750"},"modified":"2013-06-26T00:17:21","modified_gmt":"2013-06-26T00:17:21","slug":"budget","status":"publish","type":"page","link":"https:\/\/dokotoro.org\/fr\/nous-decouvrir\/budget\/","title":{"rendered":"Budget et emploi de temps"},"content":{"rendered":"<h2><b>Budget de traduction<\/b><\/h2>\n<p>Nous nous engageons \u00e0 payer notre \u00e9quipe de traducteurs Malien un salaire \u00e9quitable pour leurs travaux. Nous les payons au taux international actuel qui est de $0,20 par mot. Ceci \u00e9tant pour la traduction, la relecture et les corrections par deux lecteurs suppl\u00e9mentaires, et les consultations avec des m\u00e9decins ou d&rsquo;autres agents de soins de sant\u00e9 pour v\u00e9rifier certaines parties du texte.<\/p>\n<p>Le co\u00fbt de traduction (600 pages \u00e0 $38 la page, \u00e0 base du taux de change actuel entre le dollar am\u00e9ricain et le franc ouest africain, dit le CFA) sera $22,800.<\/p>\n<h2><b>Autres couts<\/b><\/h2>\n<p>Nous sommes en train d&rsquo;estimer les couts de r\u00e9daction, de v\u00e9rification sur le terrain, d&rsquo;arrangement, d&rsquo;impression, et de stockage et distribution, qui seront suppl\u00e9mentaires. Veuillez revenir plus tard pour en savoir plus.<\/p>\n<h2><b>Emplois de temps<\/b><\/h2>\n<p>Le projet sera men\u00e9 par phases. La premi\u00e8re phase consiste en la mise \u00e0 jour, traduction, et arrangement de deux chapitres. Ensuite, nous concentrerons nos efforts sur les activit\u00e9s de collecte de fonds et le travail de proximit\u00e9 afin de r\u00e9colter assez d\u2019argent pour traduire le reste du livre, et de d\u00e9velopper un plan d\u00e9taill\u00e9 de distribution avec de fiables partenaires. Notre derni\u00e8re phase consistera en les v\u00e9rifications sur le terrain, les r\u00e9visions, l\u2019impression, et la distribution du livre.<\/p>\n<p>Nous estimons que notre d\u00e9lai total sera de 2.5 ans, d\u00e9pendant de notre capacit\u00e9 de r\u00e9colter des fonds. La date d\u2019aboutissement du projet est anticip\u00e9e \u00eatre en \u00e9t\u00e9 2014.<\/p>\n","protected":false},"excerpt":{"rendered":"<p>Budget de traduction Nous nous engageons \u00e0 payer notre \u00e9quipe de traducteurs Malien un salaire \u00e9quitable pour leurs travaux. Nous les payons au taux international actuel qui est de $0,20 par mot. Ceci \u00e9tant pour la traduction, la relecture et &hellip; <a href=\"https:\/\/dokotoro.org\/fr\/nous-decouvrir\/budget\/\">Continuer la lecture <span class=\"meta-nav\">&rarr;<\/span><\/a><\/p>\n","protected":false},"author":6,"featured_media":0,"parent":737,"menu_order":3,"comment_status":"closed","ping_status":"closed","template":"","meta":{"footnotes":""},"class_list":["post-750","page","type-page","status-publish","hentry"],"_links":{"self":[{"href":"https:\/\/dokotoro.org\/fr\/wp-json\/wp\/v2\/pages\/750","targetHints":{"allow":["GET"]}}],"collection":[{"href":"https:\/\/dokotoro.org\/fr\/wp-json\/wp\/v2\/pages"}],"about":[{"href":"https:\/\/dokotoro.org\/fr\/wp-json\/wp\/v2\/types\/page"}],"author":[{"embeddable":true,"href":"https:\/\/dokotoro.org\/fr\/wp-json\/wp\/v2\/users\/6"}],"replies":[{"embeddable":true,"href":"https:\/\/dokotoro.org\/fr\/wp-json\/wp\/v2\/comments?post=750"}],"version-history":[{"count":0,"href":"https:\/\/dokotoro.org\/fr\/wp-json\/wp\/v2\/pages\/750\/revisions"}],"up":[{"embeddable":true,"href":"https:\/\/dokotoro.org\/fr\/wp-json\/wp\/v2\/pages\/737"}],"wp:attachment":[{"href":"https:\/\/dokotoro.org\/fr\/wp-json\/wp\/v2\/media?parent=750"}],"curies":[{"name":"wp","href":"https:\/\/api.w.org\/{rel}","templated":true}]}}