{"id":747,"date":"2013-06-22T22:32:00","date_gmt":"2013-06-22T22:32:00","guid":{"rendered":"http:\/\/dokotoro.org\/?page_id=747"},"modified":"2013-06-22T22:32:13","modified_gmt":"2013-06-22T22:32:13","slug":"non-lucratif","status":"publish","type":"page","link":"https:\/\/dokotoro.org\/fr\/nous-decouvrir\/non-lucratif\/","title":{"rendered":"Statut \u00e0 but non lucratif"},"content":{"rendered":"<p>Le Project dokotoro est men\u00e9 par un groupe d\u00e9di\u00e9 de b\u00e9n\u00e9voles. Plusieurs de nos membres habitent au Bay Area, San Francisco et ses villes environnants, et la majorit\u00e9 \u00e9taient des volontaires au sein du Peace Corps.<\/p>\n<p><strong>Les d\u00e9tails<\/strong> : nous avons \u00e9tabli un <i>general partnership<\/i>, une association en nom collectif \u00e0 l\u2019am\u00e9ricaine, pour pouvoir mener cet effort. Comme nous ne tantons pas \u00e0 continuer cette association apr\u00e8s avoir aboutit notre t\u00e2che, nous ne voyons pas l&rsquo;avantage de cr\u00e9er notre propre organisme \u00e0 but non lucratif. Par contre, pour nous, c\u2019est essentiel que tous dons soient d\u00e9ductibles d&rsquo;imp\u00f4ts.<\/p>\n<p><a href=\"http:\/\/www.africansky.org\/\">African Sky<\/a> est notre <i>fiscal sponsor<\/i>, un parrain fiscal \u00e0 l\u2019am\u00e9ricain, et un organisme \u00e0 but non lucratif, exon\u00e9r\u00e9e d\u2019imp\u00f4t en vertu de l\u2019article 501(c)(3) de l\u2019Internal revenu service (IRS), le d\u00e9partement qui r\u00e9colte les imp\u00f4ts f\u00e9d\u00e9raux aux \u00c9tats-Unis. African Sky a gracieusement offert d&rsquo;accepter tous dons et toutes subventions de notre part et de nous les remettre, pour que l&rsquo;on puisse mener nos travaux de traduction et d&rsquo;impression. Ce qui veut dire que 100% des dons \u00e0 ce projet iront directement \u00e0 nos co\u00fbts, comme, par exemple, payer les traducteurs et les frais d\u2019impression.<\/p>\n<p><strong>Les d\u00e9tails hyper-d\u00e9tail\u00e9es!<\/strong> Le groupe corps de b\u00e9n\u00e9voles prend la forme d\u2019un <i>general partnership<\/i>. Voici une copie de notre <i>general partnership agreement<\/i>, un contrat de soci\u00e9t\u00e9 en nom collectif \u00e0 l\u2019am\u00e9ricain.<\/p>\n<p>On s\u2019est inscrit avec le IRS. Notre <i>employer identification number<\/i>, le num\u00e9ro qui nous identifie aux yeux de l\u2019IRS, est : <b>46-0618625<\/b>.<\/p>\n<p>Enfin, voici une copie de notre <i>fiscal sponsorship agreement<\/i> avec African Sky, l\u2019accord de sponsorisation que l\u2019on a avec notre parrain fiscal.<\/p>\n<p>Tous dons au Projet dokotoro sont d\u00e9ductibles d\u2019imp\u00f4t. (Verifier avec votre sp\u00e9cialiste en d\u00e9clarations de revenus !) Toute cheque devrait \u00eatre fait \u00e0 l\u2019ordre de \u00ab African Sky \u00bb, est veuillez \u00e9crire \u00ab Dokotoro Projet \u00bb sur la ligne d\u2019annexe.<\/p>\n","protected":false},"excerpt":{"rendered":"<p>Le Project dokotoro est men\u00e9 par un groupe d\u00e9di\u00e9 de b\u00e9n\u00e9voles. Plusieurs de nos membres habitent au Bay Area, San Francisco et ses villes environnants, et la majorit\u00e9 \u00e9taient des volontaires au sein du Peace Corps. Les d\u00e9tails : nous &hellip; <a href=\"https:\/\/dokotoro.org\/fr\/nous-decouvrir\/non-lucratif\/\">Continuer la lecture <span class=\"meta-nav\">&rarr;<\/span><\/a><\/p>\n","protected":false},"author":6,"featured_media":0,"parent":737,"menu_order":2,"comment_status":"closed","ping_status":"closed","template":"","meta":{"footnotes":""},"class_list":["post-747","page","type-page","status-publish","hentry"],"_links":{"self":[{"href":"https:\/\/dokotoro.org\/fr\/wp-json\/wp\/v2\/pages\/747","targetHints":{"allow":["GET"]}}],"collection":[{"href":"https:\/\/dokotoro.org\/fr\/wp-json\/wp\/v2\/pages"}],"about":[{"href":"https:\/\/dokotoro.org\/fr\/wp-json\/wp\/v2\/types\/page"}],"author":[{"embeddable":true,"href":"https:\/\/dokotoro.org\/fr\/wp-json\/wp\/v2\/users\/6"}],"replies":[{"embeddable":true,"href":"https:\/\/dokotoro.org\/fr\/wp-json\/wp\/v2\/comments?post=747"}],"version-history":[{"count":0,"href":"https:\/\/dokotoro.org\/fr\/wp-json\/wp\/v2\/pages\/747\/revisions"}],"up":[{"embeddable":true,"href":"https:\/\/dokotoro.org\/fr\/wp-json\/wp\/v2\/pages\/737"}],"wp:attachment":[{"href":"https:\/\/dokotoro.org\/fr\/wp-json\/wp\/v2\/media?parent=747"}],"curies":[{"name":"wp","href":"https:\/\/api.w.org\/{rel}","templated":true}]}}