{"id":744,"date":"2013-06-22T22:05:49","date_gmt":"2013-06-22T22:05:49","guid":{"rendered":"http:\/\/dokotoro.org\/?page_id=744"},"modified":"2020-10-25T21:25:06","modified_gmt":"2020-10-26T04:25:06","slug":"notre_equipe","status":"publish","type":"page","link":"https:\/\/dokotoro.org\/fr\/nous-decouvrir\/notre_equipe\/","title":{"rendered":"Notre \u00e9quipe"},"content":{"rendered":"<p>Les membres de notre comit\u00e9 de gestion habitent plut\u00f4t dans le San Francisco Bay Area, en Californie, la plupart ayant servi au Mali comme volontaires au sein du Peace Corps\u2014un service civique volontaire des \u00c9tats-Unis qui envoie des am\u00e9ricains dans des pays en voie de d\u00e9veloppement aux quatres coins du monde pour vivre et travailler pendant deux ans. Nous travaillons tous \u00e0 titre de b\u00e9n\u00e9vole sur ce projet.<\/p>\n<p>&nbsp;<\/p>\n<div>\n<dl id=\"attachment_113\">\n<dt><a href=\"http:\/\/dokotoro.org\/wp-content\/uploads\/2012\/07\/Michelle_Chan.png\"><img loading=\"lazy\" decoding=\"async\" title=\"Michelle_Chan\" alt=\"\" src=\"http:\/\/dokotoro.org\/wp-content\/uploads\/2012\/07\/Michelle_Chan-150x150.png\" width=\"150\" height=\"150\"><\/a><\/dt>\n<dd>Michelle Chan<\/dd>\n<\/dl>\n<\/div>\n<p dir=\"ltr\"><strong>Michelle Chan<\/strong><b>, <\/b>directeur de programme \u00e0 <a href=\"http:\/\/www.foe.org\">Friends of the Earth<\/a>, a re\u00e7u son dipl\u00f4me en D\u00e9veloppement international. Elle a visit\u00e9 le Mali en d\u00e9but 2012 et est tomb\u00e9 amoureuse du pays et du peuple.<\/p>\n<div>\n<dl id=\"attachment_118\">\n<dt><a href=\"http:\/\/dokotoro.org\/wp-content\/uploads\/2012\/07\/matt_h.png\"><img loading=\"lazy\" decoding=\"async\" title=\"matt_h\" alt=\"\" src=\"http:\/\/dokotoro.org\/wp-content\/uploads\/2012\/07\/matt_h-150x150.png\" width=\"150\" height=\"150\"><\/a><\/dt>\n<dd>Matthew Heberger<\/dd>\n<\/dl>\n<\/div>\n<p><strong>Matt Heberger <\/strong>est ing\u00e9nieur en environnement et analyste de politique au Pacific Institute \u00e0 Oakland. Matt \u00e9tait volontaire d&rsquo;eau et assainissement au sein du Peace Corps au Mali dans le village de Wakaro dans la r\u00e9gion de S\u00e9gou de 1996 \u00e0 1998.<\/p>\n<div>\n<dl id=\"attachment_114\">\n<dt><a href=\"http:\/\/dokotoro.org\/wp-content\/uploads\/2012\/07\/Scott-Lacy.jpg\"><img loading=\"lazy\" decoding=\"async\" title=\"Scott Lacy\" alt=\"\" src=\"http:\/\/dokotoro.org\/wp-content\/uploads\/2012\/07\/Scott-Lacy-150x150.jpg\" width=\"150\" height=\"150\"><\/a><\/dt>\n<dd>Scott Lacy<\/dd>\n<\/dl>\n<\/div>\n<p><strong>Scott Lacey<\/strong><b>, <\/b>professeur d&rsquo;anthropologie \u00e0 Fairfield University en Connecticut, et directeur ex\u00e9cutif de African Sky, un organisme \u00e0 but non lucratif au service des familles travaillant d&rsquo;arrache-pieds au Mali, en Afrique de l&rsquo;ouest.<\/p>\n<div>\n<dl id=\"attachment_454\">\n<dt><a href=\"http:\/\/dokotoro.org\/wp-content\/uploads\/2013\/01\/Jenna_Dokotoro_Pic.jpg\"><img loading=\"lazy\" decoding=\"async\" alt=\"Jenna Lohmann\" src=\"http:\/\/dokotoro.org\/wp-content\/uploads\/2013\/01\/Jenna_Dokotoro_Pic.jpg\" width=\"200\" height=\"200\"><\/a><\/dt>\n<dd>Jenna Lohmann<\/dd>\n<\/dl>\n<\/div>\n<p><strong>Jenna Lohmann<\/strong> est notre coordinatrice officielle de b\u00e9n\u00e9voles. Comme plusieurs d&rsquo;entre nous, Jenna \u00e9tait volontaire au sein du Peace Corps au Mali, travaillant dans le secteur Eau et assainissement dans la r\u00e9gion de Koulikoro de 2011 \u00e0 2012. Maintenant elle travaille comme scientifique environnementale pour une soci\u00e9t\u00e9 de conseil \u00e0 Oakland, en Californie. (Pour vous impliquer, balancez-lui un m\u00e9l \u00e0 <a href=\"mailto:jenna@dokotoro.org\">jenna@dokotoro.org<\/a> !)<\/p>\n<div>\n<dl id=\"attachment_116\">\n<dt><a href=\"http:\/\/dokotoro.org\/wp-content\/uploads\/2012\/07\/Ruth-2-desert.jpg\"><img loading=\"lazy\" decoding=\"async\" title=\"Ruth 2 desert\" alt=\"\" src=\"http:\/\/dokotoro.org\/wp-content\/uploads\/2012\/07\/Ruth-2-desert-300x200.jpg\" width=\"300\" height=\"200\"><\/a><\/dt>\n<dd>Ruth MacDonald<\/dd>\n<\/dl>\n<\/div>\n<p><strong>Ruth MacDonald <\/strong>\u00e9tait une volontaire au sein du Peace Corps au Mali, avec son mari, de 2003 \u00e0 2004. Elle travaille actuellement comme \u00e9crivaine technique pour American Medical Systems \u00e0 Twin Cities, en Minnesota, dans le cadre de manuels d&rsquo;instruction et de traductions pour les dispositifs m\u00e9dicaux. Elle a obtenu sa licence en Illustration m\u00e9dicale et sa ma\u00eetrise en Communication technique. Elle a aussi travaill\u00e9 comme photographe m\u00e9dicale pour un h\u00f4pital de recherche et comme experte en criminalistique dans un laboratoire m\u00e9dico-l\u00e9gale.<\/p>\n<div>\n<dl id=\"attachment_361\">\n<dt><a href=\"http:\/\/dokotoro.org\/wp-content\/uploads\/2012\/07\/zach_bio_headshot.jpg\"><img loading=\"lazy\" decoding=\"async\" title=\"Zach Matheson\" alt=\"\" src=\"http:\/\/dokotoro.org\/wp-content\/uploads\/2012\/07\/zach_bio_headshot-150x150.jpg\" width=\"150\" height=\"150\"><\/a><\/dt>\n<dd>Zach Matheson<\/dd>\n<\/dl>\n<\/div>\n<p><strong>Zachary Matheson<\/strong> \u00e9tait volontaire d\u2019eau et assainissement au sein du Peace Corps au Mali dans la r\u00e9gion de Kita de 2011 \u00e0 2012. Actuellement, Zach travaille comme attach\u00e9 de recherche au D\u00e9partement de la sant\u00e9 publique \u00e0 San Francisco. Il est aussi interpr\u00e8te pour une agence d\u2019interpr\u00e9tariat par t\u00e9l\u00e9phone et, pendant ses moments de loisir, traducteur b\u00e9n\u00e9vole pour quelques organismes \u00e0 but non lucratif.<\/p>\n<div>\n<dl id=\"attachment_115\">\n<dt><a href=\"http:\/\/dokotoro.org\/wp-content\/uploads\/2012\/07\/Marlow.jpg\"><img loading=\"lazy\" decoding=\"async\" title=\"Marlow\" alt=\"\" src=\"http:\/\/dokotoro.org\/wp-content\/uploads\/2012\/07\/Marlow-150x150.jpg\" width=\"150\" height=\"150\"><\/a><\/dt>\n<dd>Marlow Schindler<\/dd>\n<\/dl>\n<\/div>\n<p><strong>Marlow Schindler<\/strong> \u00e9tait volontaire du Peace Corps au Mali dans le secteur D\u00e9veloppement de petites entreprises dans le petit village de N&rsquo;tjilla \u00e0 Sikasso de 2011 \u00e0 2012. Elle travaillait surtout avec une banque communautaire, et s&rsquo;est aussi impliqu\u00e9e dans plusieurs projets secondaires dont entre autres, en tant qu\u2019animatrice, une \u00e9mission de radio sur la nutrition et la sant\u00e9, et, en tant que fondatrice, une \u00e9quipe de foot pour filles en secondaire.<\/p>\n<div>\n<dl id=\"attachment_117\">\n<dt><a href=\"http:\/\/dokotoro.org\/wp-content\/uploads\/2012\/07\/Bocar_Bocoum.jpg\"><img loading=\"lazy\" decoding=\"async\" title=\"Bocar_Bocoum\" alt=\"\" src=\"http:\/\/dokotoro.org\/wp-content\/uploads\/2012\/07\/Bocar_Bocoum-150x150.jpg\" width=\"150\" height=\"150\"><\/a><\/dt>\n<dd>Bocar Bocoum<\/dd>\n<\/dl>\n<\/div>\n<p><strong>Bocar Bocoum<\/strong> est le directeur actuel de formations du Peace Corps au Mali, et a travaill\u00e9 dans la capacit\u00e9 de formateur durant le deux derniers d\u00e9cennies.<\/p>\n<p>Notre parrain fiscal est <a href=\"http:\/\/www.africansky.org\/\">African Sky<\/a>, un organisme <i>501(c)(3)<\/i> \u00e0 but non lucratif inscrit avec l&rsquo;\u00e9tat de Ohio. L&rsquo;organisme peut accepter des dons en ligne et par carte de cr\u00e9dit, et a promis de nous remettre 100% des dons sans nous facturer aucun frais.<\/p>\n","protected":false},"excerpt":{"rendered":"<p>Les membres de notre comit\u00e9 de gestion habitent plut\u00f4t dans le San Francisco Bay Area, en Californie, la plupart ayant servi au Mali comme volontaires au sein du Peace Corps\u2014un service civique volontaire des \u00c9tats-Unis qui envoie des am\u00e9ricains dans &hellip; <a href=\"https:\/\/dokotoro.org\/fr\/nous-decouvrir\/notre_equipe\/\">Continuer la lecture <span class=\"meta-nav\">&rarr;<\/span><\/a><\/p>\n","protected":false},"author":6,"featured_media":0,"parent":737,"menu_order":1,"comment_status":"closed","ping_status":"closed","template":"","meta":{"footnotes":""},"class_list":["post-744","page","type-page","status-publish","hentry"],"_links":{"self":[{"href":"https:\/\/dokotoro.org\/fr\/wp-json\/wp\/v2\/pages\/744","targetHints":{"allow":["GET"]}}],"collection":[{"href":"https:\/\/dokotoro.org\/fr\/wp-json\/wp\/v2\/pages"}],"about":[{"href":"https:\/\/dokotoro.org\/fr\/wp-json\/wp\/v2\/types\/page"}],"author":[{"embeddable":true,"href":"https:\/\/dokotoro.org\/fr\/wp-json\/wp\/v2\/users\/6"}],"replies":[{"embeddable":true,"href":"https:\/\/dokotoro.org\/fr\/wp-json\/wp\/v2\/comments?post=744"}],"version-history":[{"count":1,"href":"https:\/\/dokotoro.org\/fr\/wp-json\/wp\/v2\/pages\/744\/revisions"}],"predecessor-version":[{"id":1583,"href":"https:\/\/dokotoro.org\/fr\/wp-json\/wp\/v2\/pages\/744\/revisions\/1583"}],"up":[{"embeddable":true,"href":"https:\/\/dokotoro.org\/fr\/wp-json\/wp\/v2\/pages\/737"}],"wp:attachment":[{"href":"https:\/\/dokotoro.org\/fr\/wp-json\/wp\/v2\/media?parent=744"}],"curies":[{"name":"wp","href":"https:\/\/api.w.org\/{rel}","templated":true}]}}