{"id":742,"date":"2013-06-22T21:48:14","date_gmt":"2013-06-22T21:48:14","guid":{"rendered":"http:\/\/dokotoro.org\/?page_id=742"},"modified":"2020-10-25T21:24:21","modified_gmt":"2020-10-26T04:24:21","slug":"pourquoi-nous-le-faisons","status":"publish","type":"page","link":"https:\/\/dokotoro.org\/fr\/nous-decouvrir\/pourquoi-nous-le-faisons\/","title":{"rendered":"Pourquoi nous le faisons"},"content":{"rendered":"<p>Pourquoi traduire L\u00e0 o\u00f9 il n&rsquo;y a pas de docteur en bambara ?<\/p>\n<p>Le Mali compte parmi les pays les plus pauvres du monde, avec \u00e0 peu pr\u00e8s la moiti\u00e9 de la population vivant sur moins de $1 par jour. Selon l&rsquo;Index de d\u00e9veloppement humain des Nations unies, le Mali est class\u00e9 178\u00e8me sur 182 payes, tandis que le troisi\u00e8me pays le plus pauvre du monde sur leur Index de pauvret\u00e9. \u00c0 cause du sous d\u00e9veloppement persistant et des taux \u00e9lev\u00e9s de pauvret\u00e9, le d\u00e9fi des soins de sant\u00e9 au Mali est impressionnant. Par exemple selon l&rsquo;Organisation mondiale de la sant\u00e9, le taux de mortalit\u00e9 maternelle est \u00e0 environs 540\/100 000, plus \u00e9lev\u00e9 que la moyenne de l&rsquo;Afrique sub-saharienne. Autrement dit, au Mali 540 m\u00e8res meurent durant leur grossesse ou en accouchant tous les 100 000 naissances. En comparaison, aux \u00c9tats-Unis, le taux de mortalit\u00e9 maternelle est 21\/100 000 ; c&rsquo;est \u00e0 dire, une femme au Mali est 25 fois plus susceptible de mourir d&rsquo;une grossesse ou en accouchant qu&rsquo;une femme aux \u00c9tats-Unis.<\/p>\n<p>Nous pensons que ce livre aidera \u00e0 remplir un grand vide qui existe au Mali, o\u00f9 la plupart des gens habitent dans des endroits ruraux sans acc\u00e8s \u00e0 des soins de sant\u00e9 de qualit\u00e9. En particulier, ce sera une grande aide aux agents de soins de sant\u00e9, aux ONGs, et \u00e0 d&rsquo;autres lors de travaux avec des populations dont le bambara est leur langue maternelle. Selon les mots de M. Bocar Bocoum, directeur de formations au Peace corps au Mali, \u00ab Oui, dans pas longtemps nous aurons L\u00e0 o\u00f9 il n\u2019y a pas de docteur en bambara. Pourquoi pas plus tard en fulfuld\u00e9, malink\u00e9, et bomu ou khassonk\u00e9 aussi ? \u00bb<\/p>\n<p>Dans un blog r\u00e9cent au <a href=\"http:\/\/www.peacecorpsconnect.org\/2012\/07\/country-director-of-peace-corps-in-mali-uses-hesperian-books\/\">Peace Corps Connect<\/a>, Michael Simsik, Directeur de pays du Peace corps au Mali, discute de comment il a utilis\u00e9 ce livre pendant son service :<\/p>\n<blockquote><p>Ce que j\u2019ai trouv\u00e9 le plus utile \u00e0 propos du livre (et aussi du livre Helping Health Workers Learn\u2014HHWL) c&rsquo;\u00e9tait le pr\u00e9face ou les chapitres qui faisaient r\u00e9f\u00e9rences \u00e0 l&rsquo;\u00e9ducation non formelle pour adultes. Lors de mon service en tant que volontaire au sein du Peace corps au B\u00e9nin, de 1986 \u00e0 1989, je recourais souvent \u00e0 La o\u00f9 il n&rsquo;y a pas de docteur quand j&rsquo;avais \u00e0 traiter toute petite chose que j&rsquo;avais attrap\u00e9 (ou pour faire le triage pour g\u00e9rer quelque chose de plus grand jusqu&rsquo;\u00e0 ce que je pouvais rendre visite au bureau du Peace corps pour plus de traitement). Au d\u00e9pit de ne pas travailler dans le secteur des soins de sant\u00e9 (je suis form\u00e9 en gestion de ressources naturelles), je recours \u00e0 mes exemplaires d\u00e9chir\u00e9es de ces deux livres (HHWL et L\u00e0 o\u00f9 il n&rsquo;y a pas de docteur) depuis 25 ans.<\/p><\/blockquote>\n","protected":false},"excerpt":{"rendered":"<p>Pourquoi traduire L\u00e0 o\u00f9 il n&rsquo;y a pas de docteur en bambara ? Le Mali compte parmi les pays les plus pauvres du monde, avec \u00e0 peu pr\u00e8s la moiti\u00e9 de la population vivant sur moins de $1 par jour. &hellip; <a href=\"https:\/\/dokotoro.org\/fr\/nous-decouvrir\/pourquoi-nous-le-faisons\/\">Continuer la lecture <span class=\"meta-nav\">&rarr;<\/span><\/a><\/p>\n","protected":false},"author":6,"featured_media":0,"parent":737,"menu_order":0,"comment_status":"closed","ping_status":"closed","template":"","meta":{"footnotes":""},"class_list":["post-742","page","type-page","status-publish","hentry"],"_links":{"self":[{"href":"https:\/\/dokotoro.org\/fr\/wp-json\/wp\/v2\/pages\/742","targetHints":{"allow":["GET"]}}],"collection":[{"href":"https:\/\/dokotoro.org\/fr\/wp-json\/wp\/v2\/pages"}],"about":[{"href":"https:\/\/dokotoro.org\/fr\/wp-json\/wp\/v2\/types\/page"}],"author":[{"embeddable":true,"href":"https:\/\/dokotoro.org\/fr\/wp-json\/wp\/v2\/users\/6"}],"replies":[{"embeddable":true,"href":"https:\/\/dokotoro.org\/fr\/wp-json\/wp\/v2\/comments?post=742"}],"version-history":[{"count":1,"href":"https:\/\/dokotoro.org\/fr\/wp-json\/wp\/v2\/pages\/742\/revisions"}],"predecessor-version":[{"id":1582,"href":"https:\/\/dokotoro.org\/fr\/wp-json\/wp\/v2\/pages\/742\/revisions\/1582"}],"up":[{"embeddable":true,"href":"https:\/\/dokotoro.org\/fr\/wp-json\/wp\/v2\/pages\/737"}],"wp:attachment":[{"href":"https:\/\/dokotoro.org\/fr\/wp-json\/wp\/v2\/media?parent=742"}],"curies":[{"name":"wp","href":"https:\/\/api.w.org\/{rel}","templated":true}]}}